{"id":19259,"date":"2020-11-27T09:28:25","date_gmt":"2020-11-27T13:28:25","guid":{"rendered":"http:\/\/gvbimoveis.com.br\/?page_id=19259"},"modified":"2026-03-04T15:48:58","modified_gmt":"2026-03-04T19:48:58","slug":"formulario-simulacao","status":"publish","type":"page","link":"https:\/\/gvbimoveis.com.br\/en\/formulario-simulacao\/","title":{"rendered":"Formul\u00e1rio Simula\u00e7\u00e3o"},"content":{"rendered":"\t\t<div data-elementor-type=\"wp-page\" data-elementor-id=\"19259\" class=\"elementor elementor-19259\" data-elementor-post-type=\"page\">\n\t\t\t\t\t\t<section class=\"elementor-section elementor-top-section elementor-element elementor-element-433f117 elementor-section-boxed elementor-section-height-default elementor-section-height-default\" data-id=\"433f117\" data-element_type=\"section\" data-e-type=\"section\">\n\t\t\t\t\t\t<div class=\"elementor-container elementor-column-gap-default\">\n\t\t\t\t\t<div class=\"elementor-column elementor-col-100 elementor-top-column elementor-element elementor-element-376b1759\" data-id=\"376b1759\" data-element_type=\"column\" data-e-type=\"column\">\n\t\t\t<div class=\"elementor-widget-wrap elementor-element-populated\">\n\t\t\t\t\t\t<div class=\"elementor-element elementor-element-3073a8c2 elementor-widget elementor-widget-text-editor\" data-id=\"3073a8c2\" data-element_type=\"widget\" data-e-type=\"widget\" data-widget_type=\"text-editor.default\">\n\t\t\t\t<div class=\"elementor-widget-container\">\n\t\t\t\t\t\t\t\t\t<h1 style=\"text-align: center;\"><span style=\"font-size: 24pt;\">Saia do Aluguel\u00a0 em condi\u00e7\u00f5es \u00fanicas!<\/span><\/h1><p id=\"header-subtitle\" style=\"text-align: center;\" data-editable=\"true\" data-field-name=\"landing_page[values[header-subtitle]]\"><span style=\"font-size: 18pt;\">Preencha o formul\u00e1rio e faca sua pre-analise de credito.<\/span><\/p>\t\t\t\t\t\t\t\t<\/div>\n\t\t\t\t<\/div>\n\t\t\t\t\t<\/div>\n\t\t<\/div>\n\t\t\t\t\t<\/div>\n\t\t<\/section>\n\t\t\t\t<section class=\"elementor-section elementor-top-section elementor-element elementor-element-2671f8b elementor-section-boxed elementor-section-height-default elementor-section-height-default\" data-id=\"2671f8b\" data-element_type=\"section\" data-e-type=\"section\">\n\t\t\t\t\t\t<div class=\"elementor-container elementor-column-gap-default\">\n\t\t\t\t\t<div class=\"elementor-column elementor-col-50 elementor-top-column elementor-element elementor-element-6fde01b\" data-id=\"6fde01b\" data-element_type=\"column\" data-e-type=\"column\">\n\t\t\t<div class=\"elementor-widget-wrap elementor-element-populated\">\n\t\t\t\t\t\t<div class=\"elementor-element elementor-element-c235f9a elementor-widget elementor-widget-text-editor\" data-id=\"c235f9a\" data-element_type=\"widget\" data-e-type=\"widget\" data-widget_type=\"text-editor.default\">\n\t\t\t\t<div class=\"elementor-widget-container\">\n\t\t\t\t\t\t\t\t\t<h2 id=\"bgLayers_comp-krb1zdzt2\" class=\"_3wnIc\" data-hook=\"bgLayers\"><span style=\"font-size: 18pt;\">Como funciona:<\/span><\/h2><div class=\"\" data-mesh-id=\"comp-krb1zdzt2inlineContent\" data-testid=\"inline-content\"><div data-mesh-id=\"comp-krb1zdzt2inlineContent-gridContainer\" data-testid=\"mesh-container-content\"><div id=\"comp-krb1zdzt7\" class=\"_1Q9if\" data-testid=\"richTextElement\"><p class=\"font_9\">Antes de enviar os seus documentos e importante entender o seu potencial financeiro no momento, fa\u00e7a antes uma pr\u00e9-an\u00e1lise.<\/p><\/div><div id=\"comp-krdldbfw\"><div class=\"StylableButton1881452515__container\"><div>\u00a0<\/div><\/div><\/div><div id=\"comp-krb1zdzu1\" class=\"_1Q9if\" data-testid=\"richTextElement\"><h3 class=\"font_0\"><span class=\"color_15\">As vantagens de fazer a Pr\u00e9-an\u00e1lise de Cr\u00e9dito s\u00e3o muitas:<\/span><\/h3><\/div><div id=\"comp-krb1zdzu3\" class=\"_1Q9if\" data-testid=\"richTextElement\"><ul class=\"font_9\"><li><p class=\"font_9\">Entender o seu potencial financeiro no momento<\/p><\/li><li><p class=\"font_9\">Para que seus documentos sejam enviados para o banco no momento certo e consiga as melhores condi\u00e7\u00f5es de financiamento (valor das presta\u00e7\u00f5es, prazos, taxas de juro etc.)<\/p><\/li><li><p class=\"font_9\">Diminuir consideravelmente as chances de ter o cr\u00e9dito reprovado ou \u201ccondicionado&#8221;<\/p><\/li><li><p class=\"font_9\">Evitar constrangimentos<\/p><\/li><\/ul><p><span style=\"font-size: 14pt;\"><strong>Preencha o formul\u00e1rio que entraremos em contato.<\/strong><\/span><\/p><\/div><\/div><\/div>\t\t\t\t\t\t\t\t<\/div>\n\t\t\t\t<\/div>\n\t\t\t\t\t<\/div>\n\t\t<\/div>\n\t\t\t\t<div class=\"elementor-column elementor-col-50 elementor-top-column elementor-element elementor-element-c0da451\" data-id=\"c0da451\" data-element_type=\"column\" data-e-type=\"column\">\n\t\t\t<div class=\"elementor-widget-wrap elementor-element-populated\">\n\t\t\t\t\t\t<section class=\"elementor-section elementor-inner-section elementor-element elementor-element-752780c animated-slow elementor-section-boxed elementor-section-height-default elementor-section-height-default elementor-invisible\" data-id=\"752780c\" data-element_type=\"section\" data-e-type=\"section\" data-settings=\"{&quot;background_background&quot;:&quot;classic&quot;,&quot;animation&quot;:&quot;fadeIn&quot;}\">\n\t\t\t\t\t\t<div class=\"elementor-container elementor-column-gap-no\">\n\t\t\t\t\t<div class=\"elementor-column elementor-col-100 elementor-inner-column elementor-element elementor-element-3a682127\" data-id=\"3a682127\" data-element_type=\"column\" data-e-type=\"column\">\n\t\t\t<div class=\"elementor-widget-wrap elementor-element-populated\">\n\t\t\t\t\t\t<div class=\"elementor-element elementor-element-f390f4d elementor-widget elementor-widget-wpforms\" data-id=\"f390f4d\" data-element_type=\"widget\" data-e-type=\"widget\" data-widget_type=\"wpforms.default\">\n\t\t\t\t<div class=\"elementor-widget-container\">\n\t\t\t\t\t<div class=\"wpforms-container wpforms-container-full formcssnv\" id=\"wpforms-28476\"><form id=\"wpforms-form-28476\" class=\"wpforms-validate wpforms-form wpforms-ajax-form\" data-formid=\"28476\" method=\"post\" enctype=\"multipart\/form-data\" action=\"\/en\/wp-json\/wp\/v2\/pages\/19259\" data-token=\"f544937311b12c43f45b73eb6d494ea0\" data-token-time=\"1776907720\"><noscript class=\"wpforms-error-noscript\">Please enable JavaScript in your browser to complete this form.<\/noscript><div class=\"wpforms-field-container\"><div id=\"wpforms-28476-field_2-container\" class=\"wpforms-field wpforms-field-name wpforms-one-half wpforms-first\" data-field-id=\"2\"><label class=\"wpforms-field-label\" for=\"wpforms-28476-field_2\">Seu Nome <span class=\"wpforms-required-label\">*<\/span><\/label><input type=\"text\" id=\"wpforms-28476-field_2\" class=\"wpforms-field-large wpforms-field-required\" name=\"wpforms[fields][2]\" placeholder=\"Nome e sobre-nome.\" required><\/div><div id=\"wpforms-28476-field_6-container\" class=\"wpforms-field wpforms-field-text wpforms-one-half\" data-field-id=\"6\"><label class=\"wpforms-field-label\" for=\"wpforms-28476-field_6\">Tel\/Whatsapp <span class=\"wpforms-required-label\">*<\/span><\/label><input type=\"text\" id=\"wpforms-28476-field_6\" class=\"wpforms-field-large wpforms-field-required wpforms-masked-input\" data-rule-inputmask-incomplete=\"1\" data-inputmask-mask=\"(99)9-9999-9999\" name=\"wpforms[fields][6]\" placeholder=\"Ex: (92) 9-9230-1392\" required><\/div><div id=\"wpforms-28476-field_5-container\" class=\"wpforms-field wpforms-field-text\" data-field-id=\"5\"><label class=\"wpforms-field-label wpforms-label-hide\" for=\"wpforms-28476-field_5\">E-mail <span class=\"wpforms-required-label\">*<\/span><\/label><input type=\"text\" id=\"wpforms-28476-field_5\" class=\"wpforms-field-large wpforms-field-required wpforms-masked-input\" data-rule-inputmask-incomplete=\"1\" data-inputmask-alias=\"email\" name=\"wpforms[fields][5]\" placeholder=\"Exemplo@gmail.com\" required><\/div><div id=\"wpforms-28476-field_8-container\" class=\"wpforms-field wpforms-field-radio\" data-field-id=\"8\"><label class=\"wpforms-field-label\">Qual tipo de Im\u00f3vel? <span class=\"wpforms-required-label\">*<\/span><\/label><ul id=\"wpforms-28476-field_8\" class=\"wpforms-field-required\"><li class=\"choice-5 depth-1\"><input type=\"radio\" id=\"wpforms-28476-field_8_5\" name=\"wpforms[fields][8]\" value=\"Apartamento\" required ><label class=\"wpforms-field-label-inline\" for=\"wpforms-28476-field_8_5\">Apartamento<\/label><\/li><li class=\"choice-1 depth-1\"><input type=\"radio\" id=\"wpforms-28476-field_8_1\" name=\"wpforms[fields][8]\" value=\"Casa\" required ><label class=\"wpforms-field-label-inline\" for=\"wpforms-28476-field_8_1\">Casa<\/label><\/li><li class=\"choice-2 depth-1\"><input type=\"radio\" id=\"wpforms-28476-field_8_2\" name=\"wpforms[fields][8]\" value=\"Sala Comercial\" required ><label class=\"wpforms-field-label-inline\" for=\"wpforms-28476-field_8_2\">Sala Comercial<\/label><\/li><li class=\"choice-3 depth-1\"><input type=\"radio\" id=\"wpforms-28476-field_8_3\" name=\"wpforms[fields][8]\" value=\"Terreno\" required ><label class=\"wpforms-field-label-inline\" for=\"wpforms-28476-field_8_3\">Terreno<\/label><\/li><li class=\"choice-4 depth-1\"><input type=\"radio\" id=\"wpforms-28476-field_8_4\" name=\"wpforms[fields][8]\" value=\"Casa em Constru\u00e7\u00e3o Financiada\" required ><label class=\"wpforms-field-label-inline\" for=\"wpforms-28476-field_8_4\">Casa em Constru\u00e7\u00e3o Financiada<\/label><\/li><\/ul><\/div><div id=\"wpforms-28476-field_18-container\" class=\"wpforms-field wpforms-field-radio\" data-field-id=\"18\"><label class=\"wpforms-field-label\">Categoria de Im\u00f3veis <span class=\"wpforms-required-label\">*<\/span><\/label><ul id=\"wpforms-28476-field_18\" class=\"wpforms-field-required\"><li class=\"choice-1 depth-1\"><input type=\"radio\" id=\"wpforms-28476-field_18_1\" name=\"wpforms[fields][18]\" value=\"Lan\u00e7amento\" required ><label class=\"wpforms-field-label-inline\" for=\"wpforms-28476-field_18_1\">Lan\u00e7amento<\/label><\/li><li class=\"choice-2 depth-1\"><input type=\"radio\" id=\"wpforms-28476-field_18_2\" name=\"wpforms[fields][18]\" value=\"Em Constru\u00e7\u00e3o\" required ><label class=\"wpforms-field-label-inline\" for=\"wpforms-28476-field_18_2\">Em Constru\u00e7\u00e3o<\/label><\/li><li class=\"choice-4 depth-1\"><input type=\"radio\" id=\"wpforms-28476-field_18_4\" name=\"wpforms[fields][18]\" value=\"Pronto para Morar\" required ><label class=\"wpforms-field-label-inline\" for=\"wpforms-28476-field_18_4\">Pronto para Morar<\/label><\/li><\/ul><\/div><div id=\"wpforms-28476-field_3-container\" class=\"wpforms-field wpforms-field-text wpforms-one-half wpforms-first\" data-field-id=\"3\"><label class=\"wpforms-field-label\" for=\"wpforms-28476-field_3\">Valor do Im\u00f3vel<\/label><input type=\"text\" id=\"wpforms-28476-field_3\" class=\"wpforms-field-large\" name=\"wpforms[fields][3]\" placeholder=\"Qual valor de seu Im\u00f3vel?\" ><\/div><div id=\"wpforms-28476-field_15-container\" class=\"wpforms-field wpforms-field-text wpforms-one-half\" data-field-id=\"15\"><label class=\"wpforms-field-label\" for=\"wpforms-28476-field_15\">Renda Familiar! <span class=\"wpforms-required-label\">*<\/span><\/label><input type=\"text\" id=\"wpforms-28476-field_15\" class=\"wpforms-field-large wpforms-field-required\" name=\"wpforms[fields][15]\" placeholder=\"Valor de sua Renda Familiar bruta.\" required><\/div><div id=\"wpforms-28476-field_16-container\" class=\"wpforms-field wpforms-field-text\" data-field-id=\"16\"><label class=\"wpforms-field-label\" for=\"wpforms-28476-field_16\">Valor de Entrada + FGTS? <span class=\"wpforms-required-label\">*<\/span><\/label><input type=\"text\" id=\"wpforms-28476-field_16\" class=\"wpforms-field-large wpforms-field-required\" name=\"wpforms[fields][16]\" placeholder=\"A partir de 10% 20%, 30%, dependendo da an\u00e1lise de cr\u00e9dito.\" required><\/div><div id=\"wpforms-28476-field_17-container\" class=\"wpforms-field wpforms-field-text wpforms-one-half wpforms-first\" data-field-id=\"17\"><label class=\"wpforms-field-label\" for=\"wpforms-28476-field_17\">Informe seu CPF.<\/label><input type=\"text\" id=\"wpforms-28476-field_17\" class=\"wpforms-field-large\" name=\"wpforms[fields][17]\" placeholder=\"000.000.000-00\" ><div class=\"wpforms-field-description\">Info (opcional) Caso informe, saber\u00e1 em 24h \u00fateis se seu cr\u00e9dito foi aprovado...<\/div><\/div><div id=\"wpforms-28476-field_7-container\" class=\"wpforms-field wpforms-field-text wpforms-one-half\" data-field-id=\"7\"><label class=\"wpforms-field-label\" for=\"wpforms-28476-field_7\">Data de nascimento? <span class=\"wpforms-required-label\">*<\/span><\/label><input type=\"text\" id=\"wpforms-28476-field_7\" class=\"wpforms-field-large wpforms-field-required wpforms-masked-input\" data-rule-inputmask-incomplete=\"1\" data-inputmask-alias=\"datetime\" data-inputmask-inputformat=\"dd\/mm\/yyyy\" data-inputmask-inputmode=\"numeric\" name=\"wpforms[fields][7]\" placeholder=\"Ex: 05\/09\/1994\" required><\/div><div id=\"wpforms-28476-field_14-container\" class=\"wpforms-field wpforms-field-textarea\" data-field-id=\"14\"><label class=\"wpforms-field-label\" for=\"wpforms-28476-field_14\">Descreva sua Mensagem<\/label><textarea id=\"wpforms-28476-field_14\" class=\"wpforms-field-medium\" name=\"wpforms[fields][14]\" placeholder=\"Exemplo:  Comprar Im\u00f3vel de 3 quartos com 1 vaga de garagem no condominio Happy Residencial.\" ><\/textarea><div class=\"wpforms-field-description\">Descreva sua mensagem de Interesse. <\/div><\/div><\/div><!-- .wpforms-field-container --><div class=\"wpforms-submit-container\" ><input type=\"hidden\" name=\"wpforms[id]\" value=\"28476\"><input type=\"hidden\" name=\"page_title\" value=\"\"><input type=\"hidden\" name=\"page_url\" value=\"https:\/\/gvbimoveis.com.br\/en\/wp-json\/wp\/v2\/pages\/19259\"><input type=\"hidden\" name=\"url_referer\" value=\"\"><button type=\"submit\" name=\"wpforms[submit]\" id=\"wpforms-submit-28476\" class=\"wpforms-submit\" data-alt-text=\"Enviando\u2026\" data-submit-text=\"Enviar\" aria-live=\"assertive\" value=\"wpforms-submit\">Enviar<\/button><img decoding=\"async\" src=\"https:\/\/gvbimoveis.com.br\/wp-content\/plugins\/wpforms-lite\/assets\/images\/submit-spin.svg\" class=\"wpforms-submit-spinner\" style=\"display: none;\" width=\"26\" height=\"26\" alt=\"Loading\" title=\"\"><\/div><\/form><\/div>  <!-- .wpforms-container -->\t\t\t\t<\/div>\n\t\t\t\t<\/div>\n\t\t\t\t\t<\/div>\n\t\t<\/div>\n\t\t\t\t\t<\/div>\n\t\t<\/section>\n\t\t\t\t\t<\/div>\n\t\t<\/div>\n\t\t\t\t\t<\/div>\n\t\t<\/section>\n\t\t\t\t<\/div>\n\t\t","protected":false},"excerpt":{"rendered":"<p>Saia do Aluguel\u00a0 em condi\u00e7\u00f5es \u00fanicas! Preencha o formul\u00e1rio e faca sua pre-analise de credito. Como funciona: Antes de enviar os seus documentos e importante entender o seu potencial financeiro no momento, fa\u00e7a antes uma pr\u00e9-an\u00e1lise. As vantagens de fazer a Pr\u00e9-an\u00e1lise de Cr\u00e9dito s\u00e3o muitas: Entender o seu potencial financeiro no momento Para que seus documentos sejam enviados para o banco no momento &#8230;<\/p>","protected":false},"author":1,"featured_media":33388,"parent":0,"menu_order":0,"comment_status":"closed","ping_status":"closed","template":"","meta":{"footnotes":""},"class_list":["post-19259","page","type-page","status-publish","has-post-thumbnail","hentry"],"_links":{"self":[{"href":"https:\/\/gvbimoveis.com.br\/en\/wp-json\/wp\/v2\/pages\/19259","targetHints":{"allow":["GET"]}}],"collection":[{"href":"https:\/\/gvbimoveis.com.br\/en\/wp-json\/wp\/v2\/pages"}],"about":[{"href":"https:\/\/gvbimoveis.com.br\/en\/wp-json\/wp\/v2\/types\/page"}],"author":[{"embeddable":true,"href":"https:\/\/gvbimoveis.com.br\/en\/wp-json\/wp\/v2\/users\/1"}],"replies":[{"embeddable":true,"href":"https:\/\/gvbimoveis.com.br\/en\/wp-json\/wp\/v2\/comments?post=19259"}],"version-history":[{"count":0,"href":"https:\/\/gvbimoveis.com.br\/en\/wp-json\/wp\/v2\/pages\/19259\/revisions"}],"wp:featuredmedia":[{"embeddable":true,"href":"https:\/\/gvbimoveis.com.br\/en\/wp-json\/wp\/v2\/media\/33388"}],"wp:attachment":[{"href":"https:\/\/gvbimoveis.com.br\/en\/wp-json\/wp\/v2\/media?parent=19259"}],"curies":[{"name":"wp","href":"https:\/\/api.w.org\/{rel}","templated":true}]}}