{"id":22154,"date":"2021-08-14T10:45:48","date_gmt":"2021-08-14T14:45:48","guid":{"rendered":"http:\/\/gvbimoveis.com.br\/?page_id=22154"},"modified":"2025-01-22T12:25:04","modified_gmt":"2025-01-22T16:25:04","slug":"gdpr","status":"publish","type":"page","link":"https:\/\/gvbimoveis.com.br\/en\/gdpr\/","title":{"rendered":"GDPR"},"content":{"rendered":"<h1 class=\"entry-title\">GDPR, Termos de Uso<\/h1>\n<div class=\"single-content\">\n<p>Esta Pol\u00edtica de Privacidade rege a maneira pela qual a <a href=\"https:\/\/gvbimoveis.com.br\/en\/\">GVB Im\u00f3veis<\/a> coleta, usa mant\u00e9m e divulga informa\u00e7\u00f5es coletadas dos usu\u00e1rios (cada um \u201cUsu\u00e1rio\u201d) do site da <a href=\"https:\/\/gvbimoveis.com.br\/en\/\">https:\/\/gvbimoveis.com.br<\/a>\/ (\u201cSite\u201d). Esta pol\u00edtica de privacidade aplica-se ao Site e todos os produtos e servi\u00e7os oferecidos pelo GVB Im\u00f3veis.<\/p>\n<p>Informa\u00e7\u00f5es de identifica\u00e7\u00e3o pessoal<\/p>\n<p>N\u00f3s podemos coletar informa\u00e7\u00f5es de identifica\u00e7\u00e3o pessoal do usu\u00e1rio em uma variedade de maneiras em liga\u00e7\u00e3o com atividades, servi\u00e7os, caracter\u00edsticas ou recursos que disponibilizamos em nosso site .. Os usu\u00e1rios podem visitar o nosso site de forma an\u00f4nima. N\u00f3s coletamos informa\u00e7\u00f5es de identifica\u00e7\u00e3o pessoal de usu\u00e1rios s\u00f3 se eles voluntariamente submeter essa informa\u00e7\u00e3o para n\u00f3s. Os usu\u00e1rios podem sempre recusar-se a fornecer informa\u00e7\u00f5es pessoais de identifica\u00e7\u00e3o, exceto que pode impedi-los de se engajar em certas atividades relacionadas Site.<\/p>\n<p>Informa\u00e7\u00f5es de identifica\u00e7\u00e3o n\u00e3o pessoais<\/p>\n<p>N\u00f3s podemos coletar informa\u00e7\u00f5es de identifica\u00e7\u00e3o n\u00e3o pessoais sobre o usu\u00e1rio sempre que eles interagem com o nosso site. Informa\u00e7\u00f5es de identifica\u00e7\u00e3o n\u00e3o pessoais podem incluir o nome do navegador, o tipo de computador e informa\u00e7\u00f5es t\u00e9cnicas sobre os usu\u00e1rios meio de conex\u00e3o com o nosso site, tais como o sistema operacional e os prestadores de servi\u00e7os Internet utilizados e outras informa\u00e7\u00f5es semelhantes.<\/p>\n<p>Cookies do navegador Web<\/p>\n<p>Nosso Site pode usar \u201ccookies\u201d para melhorar a experi\u00eancia do usu\u00e1rio. Navegador do usu\u00e1rio coloca os cookies no seu disco r\u00edgido para fins de manuten\u00e7\u00e3o de registros e \u00e0s vezes rastrear informa\u00e7\u00f5es sobre eles. Usu\u00e1rio pode optar por definir o seu navegador para recusar cookies ou para alert\u00e1-lo quando os cookies est\u00e3o sendo enviados. Se o fizerem, note que algumas partes do site podem n\u00e3o funcionar corretamente.<\/p>\n<p>Como protegemos suas informa\u00e7\u00f5es<\/p>\n<p>Adotamos pr\u00e1ticas de coleta de dados adequada, armazenamento e processamento e medidas de seguran\u00e7a para proteger contra acesso n\u00e3o autorizado, altera\u00e7\u00e3o, divulga\u00e7\u00e3o ou destrui\u00e7\u00e3o dos seus dados pessoais, nome de usu\u00e1rio, senha, informa\u00e7\u00f5es de transa\u00e7\u00f5es e dados armazenados em nosso Site.<\/p>\n<p>Compartilhando suas informa\u00e7\u00f5es pessoais<\/p>\n<p>N\u00f3s n\u00e3o vender, trocar ou alugar usu\u00e1rio informa\u00e7\u00f5es de identifica\u00e7\u00e3o pessoal a outros. Podemos compartilhar informa\u00e7\u00f5es demogr\u00e1ficas agregadas gen\u00e9rico n\u00e3o ligados a qualquer informa\u00e7\u00e3o de identifica\u00e7\u00e3o pessoal sobre os visitantes e usu\u00e1rios com nossos parceiros de neg\u00f3cios, afiliados confi\u00e1veis \u200b\u200be anunciantes para os fins descritos acima.<\/p>\n<p>Altera\u00e7\u00f5es a esta pol\u00edtica de privacidade<\/p>\n<p>GVB Im\u00f3veis tem o poder de modificar esta pol\u00edtica de privacidade a qualquer momento. Quando o fizermos, iremos revisar a data de atualiza\u00e7\u00e3o na parte inferior desta p\u00e1gina. N\u00f3s incentivamos os usu\u00e1rios a verificar frequentemente esta p\u00e1gina para quaisquer altera\u00e7\u00f5es para se manter informado sobre como estamos ajudando a proteger as informa\u00e7\u00f5es pessoais que coletamos. Voc\u00ea reconhece e concorda que \u00e9 sua a responsabilidade de rever esta pol\u00edtica de privacidade periodicamente e tornar-se consciente de modifica\u00e7\u00f5es.<\/p>\n<p>Sua aceita\u00e7\u00e3o destes termos<\/p>\n<p>Ao utilizar este site, voc\u00ea indica sua aceita\u00e7\u00e3o desta pol\u00edtica. Se voc\u00ea n\u00e3o concordar com esta pol\u00edtica, por favor n\u00e3o use o nosso site. Seu uso continuado do Site ap\u00f3s a publica\u00e7\u00e3o de altera\u00e7\u00f5es a esta pol\u00edtica ser\u00e1 considerada a sua aceita\u00e7\u00e3o dessas altera\u00e7\u00f5es.<\/p>\n<p><b>GDPR<\/b>,\u00a0<b>General Data Protection Regulation<\/b>\u00a0(Regulamento Geral de Prote\u00e7\u00e3o de Dados), trata-se do conjunto de regula\u00e7\u00f5es a respeito de prote\u00e7\u00e3o de dados na Uni\u00e3o Europeia. A\u00a0<b>GDPR<\/b>\u00a0entrou em vigor em 2016 e sua equivalente no Brasil \u00e9 a\u00a0<b>Lei<\/b>\u00a0Geral de Prote\u00e7\u00e3o de Dados (LGPD), que entra em vigor no pa\u00eds em agosto de 2020.<\/p>\n<\/div>\n<p>&nbsp;<\/p>\n<p>&nbsp;<\/p>","protected":false},"excerpt":{"rendered":"<p>GDPR, Termos de Uso Esta Pol\u00edtica de Privacidade rege a maneira pela qual a GVB Im\u00f3veis coleta, usa mant\u00e9m e divulga informa\u00e7\u00f5es coletadas dos usu\u00e1rios (cada um \u201cUsu\u00e1rio\u201d) do site da https:\/\/gvbimoveis.com.br\/ (\u201cSite\u201d). Esta pol\u00edtica de privacidade aplica-se ao Site e todos os produtos e servi\u00e7os oferecidos pelo GVB Im\u00f3veis. Informa\u00e7\u00f5es de identifica\u00e7\u00e3o pessoal N\u00f3s podemos coletar informa\u00e7\u00f5es de identifica\u00e7\u00e3o pessoal do usu\u00e1rio em &#8230;<\/p>","protected":false},"author":1,"featured_media":44584,"parent":0,"menu_order":0,"comment_status":"closed","ping_status":"closed","template":"page-templates\/gdpr_terms.php","meta":{"footnotes":""},"class_list":["post-22154","page","type-page","status-publish","has-post-thumbnail","hentry"],"_links":{"self":[{"href":"https:\/\/gvbimoveis.com.br\/en\/wp-json\/wp\/v2\/pages\/22154","targetHints":{"allow":["GET"]}}],"collection":[{"href":"https:\/\/gvbimoveis.com.br\/en\/wp-json\/wp\/v2\/pages"}],"about":[{"href":"https:\/\/gvbimoveis.com.br\/en\/wp-json\/wp\/v2\/types\/page"}],"author":[{"embeddable":true,"href":"https:\/\/gvbimoveis.com.br\/en\/wp-json\/wp\/v2\/users\/1"}],"replies":[{"embeddable":true,"href":"https:\/\/gvbimoveis.com.br\/en\/wp-json\/wp\/v2\/comments?post=22154"}],"version-history":[{"count":0,"href":"https:\/\/gvbimoveis.com.br\/en\/wp-json\/wp\/v2\/pages\/22154\/revisions"}],"wp:featuredmedia":[{"embeddable":true,"href":"https:\/\/gvbimoveis.com.br\/en\/wp-json\/wp\/v2\/media\/44584"}],"wp:attachment":[{"href":"https:\/\/gvbimoveis.com.br\/en\/wp-json\/wp\/v2\/media?parent=22154"}],"curies":[{"name":"wp","href":"https:\/\/api.w.org\/{rel}","templated":true}]}}