{"id":22548,"date":"2021-09-06T17:16:24","date_gmt":"2021-09-06T21:16:24","guid":{"rendered":"http:\/\/gvbimoveis.com.br\/?page_id=22548"},"modified":"2025-06-15T10:55:15","modified_gmt":"2025-06-15T14:55:15","slug":"alto-padrao","status":"publish","type":"page","link":"https:\/\/gvbimoveis.com.br\/en\/alto-padrao\/","title":{"rendered":"Alto Padr\u00e3o"},"content":{"rendered":"<h3><span style=\"color: #333333;\">Casas e Apartamentos de Alto Padr\u00e3o \u00e0 <a style=\"color: #333333;\" href=\"http:\/\/gvbimoveis.com.br\/en\/venda\/\">venda<\/a> em <a style=\"color: #333333;\" href=\"https:\/\/gutembergcorretor.com.br\/cidade\/manaus\/\" target=\"_blank\" rel=\"noopener\">Manaus<\/a> e Regi\u00e3o do AM.<\/span><\/h3>","protected":false},"excerpt":{"rendered":"<p>Casas e Apartamentos de Alto Padr\u00e3o \u00e0 venda em Manaus e Regi\u00e3o do AM.<\/p>","protected":false},"author":1,"featured_media":24257,"parent":0,"menu_order":0,"comment_status":"closed","ping_status":"closed","template":"page-templates\/property_list.php","meta":{"footnotes":""},"class_list":["post-22548","page","type-page","status-publish","has-post-thumbnail","hentry"],"_links":{"self":[{"href":"https:\/\/gvbimoveis.com.br\/en\/wp-json\/wp\/v2\/pages\/22548","targetHints":{"allow":["GET"]}}],"collection":[{"href":"https:\/\/gvbimoveis.com.br\/en\/wp-json\/wp\/v2\/pages"}],"about":[{"href":"https:\/\/gvbimoveis.com.br\/en\/wp-json\/wp\/v2\/types\/page"}],"author":[{"embeddable":true,"href":"https:\/\/gvbimoveis.com.br\/en\/wp-json\/wp\/v2\/users\/1"}],"replies":[{"embeddable":true,"href":"https:\/\/gvbimoveis.com.br\/en\/wp-json\/wp\/v2\/comments?post=22548"}],"version-history":[{"count":0,"href":"https:\/\/gvbimoveis.com.br\/en\/wp-json\/wp\/v2\/pages\/22548\/revisions"}],"wp:featuredmedia":[{"embeddable":true,"href":"https:\/\/gvbimoveis.com.br\/en\/wp-json\/wp\/v2\/media\/24257"}],"wp:attachment":[{"href":"https:\/\/gvbimoveis.com.br\/en\/wp-json\/wp\/v2\/media?parent=22548"}],"curies":[{"name":"wp","href":"https:\/\/api.w.org\/{rel}","templated":true}]}}