{"id":22583,"date":"2021-09-07T08:26:43","date_gmt":"2021-09-07T12:26:43","guid":{"rendered":"http:\/\/gvbimoveis.com.br\/?page_id=22583"},"modified":"2024-03-01T14:23:24","modified_gmt":"2024-03-01T18:23:24","slug":"imoveis-em-obras","status":"publish","type":"page","link":"https:\/\/gvbimoveis.com.br\/en\/imoveis-em-obras\/","title":{"rendered":"Im\u00f3veis em Obras"},"content":{"rendered":"<h3 class=\"entry-title title_prop\"><span style=\"font-family: arial, helvetica, sans-serif; color: #333333;\">Im\u00f3veis em Obras \u00e0 venda em <a style=\"color: #333333;\" href=\"https:\/\/gutembergcorretor.com.br\/cidade\/manaus\/\" target=\"_blank\" rel=\"noopener\">Manaus, Iranduba <\/a>e Regi\u00e3o do AM.<\/span><\/h3>","protected":false},"excerpt":{"rendered":"<p>Im\u00f3veis em Obras \u00e0 venda em Manaus, Iranduba e Regi\u00e3o do AM.<\/p>","protected":false},"author":1,"featured_media":22585,"parent":0,"menu_order":0,"comment_status":"closed","ping_status":"closed","template":"page-templates\/property_list.php","meta":{"footnotes":""},"class_list":["post-22583","page","type-page","status-publish","has-post-thumbnail","hentry"],"_links":{"self":[{"href":"https:\/\/gvbimoveis.com.br\/en\/wp-json\/wp\/v2\/pages\/22583","targetHints":{"allow":["GET"]}}],"collection":[{"href":"https:\/\/gvbimoveis.com.br\/en\/wp-json\/wp\/v2\/pages"}],"about":[{"href":"https:\/\/gvbimoveis.com.br\/en\/wp-json\/wp\/v2\/types\/page"}],"author":[{"embeddable":true,"href":"https:\/\/gvbimoveis.com.br\/en\/wp-json\/wp\/v2\/users\/1"}],"replies":[{"embeddable":true,"href":"https:\/\/gvbimoveis.com.br\/en\/wp-json\/wp\/v2\/comments?post=22583"}],"version-history":[{"count":0,"href":"https:\/\/gvbimoveis.com.br\/en\/wp-json\/wp\/v2\/pages\/22583\/revisions"}],"wp:featuredmedia":[{"embeddable":true,"href":"https:\/\/gvbimoveis.com.br\/en\/wp-json\/wp\/v2\/media\/22585"}],"wp:attachment":[{"href":"https:\/\/gvbimoveis.com.br\/en\/wp-json\/wp\/v2\/media?parent=22583"}],"curies":[{"name":"wp","href":"https:\/\/api.w.org\/{rel}","templated":true}]}}