{"id":24272,"date":"2022-03-29T16:02:36","date_gmt":"2022-03-29T20:02:36","guid":{"rendered":"http:\/\/gvbimoveis.com.br\/?page_id=24272"},"modified":"2024-03-01T12:59:31","modified_gmt":"2024-03-01T16:59:31","slug":"lotes-em-condominio","status":"publish","type":"page","link":"https:\/\/gvbimoveis.com.br\/en\/lotes-em-condominio\/","title":{"rendered":"Lotes em Condom\u00ednio"},"content":{"rendered":"<div class=\"single-content\">\n<h3><span style=\"color: #333333;\">Lotes em Condom\u00ednio \u00e0 <a style=\"color: #333333;\" href=\"http:\/\/gvbimoveis.com.br\/en\/venda\/\">venda<\/a> em <a style=\"color: #333333;\" href=\"https:\/\/gutembergcorretor.com.br\/cidade\/manaus\/\" target=\"_blank\" rel=\"noopener\">Manaus<\/a> e Regi\u00e3o do AM.\u00a0<\/span><\/h3>\n<\/div>","protected":false},"excerpt":{"rendered":"<p>Lotes em Condom\u00ednio \u00e0 venda em Manaus e Regi\u00e3o do AM.\u00a0<\/p>","protected":false},"author":1,"featured_media":24276,"parent":0,"menu_order":0,"comment_status":"closed","ping_status":"closed","template":"page-templates\/property_list.php","meta":{"footnotes":""},"class_list":["post-24272","page","type-page","status-publish","has-post-thumbnail","hentry"],"_links":{"self":[{"href":"https:\/\/gvbimoveis.com.br\/en\/wp-json\/wp\/v2\/pages\/24272","targetHints":{"allow":["GET"]}}],"collection":[{"href":"https:\/\/gvbimoveis.com.br\/en\/wp-json\/wp\/v2\/pages"}],"about":[{"href":"https:\/\/gvbimoveis.com.br\/en\/wp-json\/wp\/v2\/types\/page"}],"author":[{"embeddable":true,"href":"https:\/\/gvbimoveis.com.br\/en\/wp-json\/wp\/v2\/users\/1"}],"replies":[{"embeddable":true,"href":"https:\/\/gvbimoveis.com.br\/en\/wp-json\/wp\/v2\/comments?post=24272"}],"version-history":[{"count":0,"href":"https:\/\/gvbimoveis.com.br\/en\/wp-json\/wp\/v2\/pages\/24272\/revisions"}],"wp:featuredmedia":[{"embeddable":true,"href":"https:\/\/gvbimoveis.com.br\/en\/wp-json\/wp\/v2\/media\/24276"}],"wp:attachment":[{"href":"https:\/\/gvbimoveis.com.br\/en\/wp-json\/wp\/v2\/media?parent=24272"}],"curies":[{"name":"wp","href":"https:\/\/api.w.org\/{rel}","templated":true}]}}