{"id":5746,"date":"2014-05-24T13:54:01","date_gmt":"2014-05-24T13:54:01","guid":{"rendered":"http:\/\/wpresidence.net\/?page_id=13"},"modified":"2025-11-05T20:11:50","modified_gmt":"2025-11-06T00:11:50","slug":"politica-de-privacidade","status":"publish","type":"page","link":"https:\/\/gvbimoveis.com.br\/en\/politica-de-privacidade\/","title":{"rendered":"Pol\u00edtica de Privacidade"},"content":{"rendered":"<p>Esta Pol\u00edtica de Privacidade rege a maneira pela qual site GVB Imoveis, mant\u00e9m e divulga informa\u00e7\u00f5es coletadas dos usu\u00e1rios (cada um, um &#8220;Usu\u00e1rio&#8221;) do site da http:\/\/gvbimoveis.com.br\/ (&#8220;Site&#8221;). Esta pol\u00edtica de privacidade aplica-se ao Site e todos os produtos e servi\u00e7os oferecidos pelo SITE GVB Imoveis.<\/p>\n<p>Informa\u00e7\u00f5es de identifica\u00e7\u00e3o pessoal<\/p>\n<p>N\u00f3s podemos coletar informa\u00e7\u00f5es de identifica\u00e7\u00e3o pessoal do usu\u00e1rio em uma variedade de maneiras em liga\u00e7\u00e3o com actividades, servi\u00e7os, caracter\u00edsticas ou recursos que disponibilizamos em nosso site .. Os usu\u00e1rios podem visitar o nosso site de forma an\u00f4nima. N\u00f3s coletamos informa\u00e7\u00f5es de identifica\u00e7\u00e3o pessoal de usu\u00e1rios s\u00f3 se eles voluntariamente submeter essa informa\u00e7\u00e3o para n\u00f3s. Os usu\u00e1rios podem sempre recusar-se a fornecer informa\u00e7\u00f5es pessoais de identifica\u00e7\u00e3o, exceto que pode impedi-los de se engajar em certas atividades relacionadas Site.<\/p>\n<p>Informa\u00e7\u00f5es de identifica\u00e7\u00e3o n\u00e3o pessoais<\/p>\n<p>N\u00f3s podemos coletar informa\u00e7\u00f5es de identifica\u00e7\u00e3o n\u00e3o pessoais sobre o usu\u00e1rio sempre que eles interagem com o nosso site. Informa\u00e7\u00f5es de identifica\u00e7\u00e3o n\u00e3o pessoais podem incluir o nome do navegador, o tipo de computador e informa\u00e7\u00f5es t\u00e9cnicas sobre os usu\u00e1rios meio de conex\u00e3o com o nosso site, tais como o sistema operacional e os prestadores de servi\u00e7os Internet utilizados e outras informa\u00e7\u00f5es semelhantes.<\/p>\n<p>Cookies do navegador Web<\/p>\n<p>Nosso Site pode usar &#8220;cookies&#8221; para melhorar a experi\u00eancia do usu\u00e1rio. Navegador do usu\u00e1rio coloca os cookies no seu disco r\u00edgido para fins de manuten\u00e7\u00e3o de registros e \u00e0s vezes rastrear informa\u00e7\u00f5es sobre eles. Usu\u00e1rio pode optar por definir o seu navegador para recusar cookies ou para alert\u00e1-lo quando os cookies est\u00e3o sendo enviados. Se o fizerem, note que algumas partes do site podem n\u00e3o funcionar corretamente.<\/p>\n<p>Como protegemos suas informa\u00e7\u00f5es<\/p>\n<p>Adotamos pr\u00e1ticas de coleta de dados adequada, armazenamento e processamento e medidas de seguran\u00e7a para proteger contra acesso n\u00e3o autorizado, altera\u00e7\u00e3o, divulga\u00e7\u00e3o ou destrui\u00e7\u00e3o dos seus dados pessoais, nome de usu\u00e1rio, senha, informa\u00e7\u00f5es de transa\u00e7\u00f5es e dados armazenados em nosso Site.<\/p>\n<p>Compartilhando suas informa\u00e7\u00f5es pessoais<\/p>\n<p>N\u00f3s n\u00e3o vender, trocar ou alugar usu\u00e1rio informa\u00e7\u00f5es de identifica\u00e7\u00e3o pessoal a outros. Podemos compartilhar informa\u00e7\u00f5es demogr\u00e1ficas agregadas gen\u00e9rico n\u00e3o ligados a qualquer informa\u00e7\u00e3o de identifica\u00e7\u00e3o pessoal sobre os visitantes e usu\u00e1rios com nossos parceiros de neg\u00f3cios, afiliados confi\u00e1veis \u200b\u200be anunciantes para os fins descritos acima.<\/p>\n<p>Altera\u00e7\u00f5es a esta pol\u00edtica de privacidade<\/p>\n<p>ValcacioImoveis tem o poder de modificar esta pol\u00edtica de privacidade a qualquer momento. Quando o fizermos, iremos revisar a data de atualiza\u00e7\u00e3o na parte inferior desta p\u00e1gina. N\u00f3s incentivamos os usu\u00e1rios a verificar frequentemente esta p\u00e1gina para quaisquer altera\u00e7\u00f5es para se manter informado sobre como estamos ajudando a proteger as informa\u00e7\u00f5es pessoais que coletamos. Voc\u00ea reconhece e concorda que \u00e9 sua a responsabilidade de rever esta pol\u00edtica de privacidade periodicamente e tornar-se consciente de modifica\u00e7\u00f5es.<\/p>\n<p>Sua aceita\u00e7\u00e3o destes termos<\/p>\n<p>Ao utilizar este site, voc\u00ea indica sua aceita\u00e7\u00e3o desta pol\u00edtica. Se voc\u00ea n\u00e3o concordar com esta pol\u00edtica, por favor n\u00e3o use o nosso site. Seu uso continuado do Site ap\u00f3s a publica\u00e7\u00e3o de altera\u00e7\u00f5es a esta pol\u00edtica ser\u00e1 considerada a sua aceita\u00e7\u00e3o dessas altera\u00e7\u00f5es.<\/p>","protected":false},"excerpt":{"rendered":"<p>Esta Pol\u00edtica de Privacidade rege a maneira pela qual site GVB Imoveis, mant\u00e9m e divulga informa\u00e7\u00f5es coletadas dos usu\u00e1rios (cada um, um &#8220;Usu\u00e1rio&#8221;) do site da http:\/\/gvbimoveis.com.br\/ (&#8220;Site&#8221;). Esta pol\u00edtica de privacidade aplica-se ao Site e todos os produtos e servi\u00e7os oferecidos pelo SITE GVB Imoveis. Informa\u00e7\u00f5es de identifica\u00e7\u00e3o pessoal N\u00f3s podemos coletar informa\u00e7\u00f5es de identifica\u00e7\u00e3o pessoal do usu\u00e1rio em uma variedade de maneiras &#8230;<\/p>","protected":false},"author":1,"featured_media":167,"parent":0,"menu_order":0,"comment_status":"closed","ping_status":"closed","template":"","meta":{"footnotes":""},"class_list":["post-5746","page","type-page","status-publish","has-post-thumbnail","hentry"],"_links":{"self":[{"href":"https:\/\/gvbimoveis.com.br\/en\/wp-json\/wp\/v2\/pages\/5746","targetHints":{"allow":["GET"]}}],"collection":[{"href":"https:\/\/gvbimoveis.com.br\/en\/wp-json\/wp\/v2\/pages"}],"about":[{"href":"https:\/\/gvbimoveis.com.br\/en\/wp-json\/wp\/v2\/types\/page"}],"author":[{"embeddable":true,"href":"https:\/\/gvbimoveis.com.br\/en\/wp-json\/wp\/v2\/users\/1"}],"replies":[{"embeddable":true,"href":"https:\/\/gvbimoveis.com.br\/en\/wp-json\/wp\/v2\/comments?post=5746"}],"version-history":[{"count":0,"href":"https:\/\/gvbimoveis.com.br\/en\/wp-json\/wp\/v2\/pages\/5746\/revisions"}],"wp:featuredmedia":[{"embeddable":true,"href":"https:\/\/gvbimoveis.com.br\/en\/wp-json\/wp\/v2\/media\/167"}],"wp:attachment":[{"href":"https:\/\/gvbimoveis.com.br\/en\/wp-json\/wp\/v2\/media?parent=5746"}],"curies":[{"name":"wp","href":"https:\/\/api.w.org\/{rel}","templated":true}]}}